{"id":58983,"date":"2024-04-29T16:36:15","date_gmt":"2024-04-29T16:36:15","guid":{"rendered":"https:\/\/drlab.unitn.it\/?page_id=58983"},"modified":"2024-06-28T11:24:56","modified_gmt":"2024-06-28T11:24:56","slug":"sonde-di-progettazione","status":"publish","type":"page","link":"https:\/\/drlab.unitn.it\/fr\/portfolio\/sonde-di-progettazione\/","title":{"rendered":"Sonde di progettazione"},"content":{"rendered":"<div id=\"fws_69d95ff963925\"  data-column-margin=\"default\" data-midnight=\"light\"  class=\"wpb_row vc_row-fluid vc_row full-width-section\"  style=\"padding-top: 0px; padding-bottom: 0px; \"><div class=\"row-bg-wrap\" data-bg-animation=\"none\" data-bg-animation-delay=\"\" data-bg-overlay=\"true\"><div class=\"inner-wrap row-bg-layer using-image\" ><div class=\"row-bg viewport-desktop using-image no-cover\"  style=\"background-image: url(https:\/\/drlab.unitn.it\/wp-content\/uploads\/2024\/02\/pointer.webp); background-position: left top; background-repeat: repeat; \"><\/div><\/div><div class=\"row-bg-overlay row-bg-layer\" style=\"background: linear-gradient(to bottom,rgba(255,255,255,0.001) 25%,#ffffff 100%);  opacity: 1; \"><\/div><\/div><div class=\"row_col_wrap_12 col span_12 light left\">\n\t<div style=\"\" class=\"vc_col-sm-12 wpb_column column_container vc_column_container col bg_img_front bl_br_25px br_br_25px left_padding_desktop_25px left_padding_tablet_0px left_padding_phone_0px right_padding_desktop_25px right_padding_tablet_0px right_padding_phone_0px\" data-using-bg=\"true\" data-overlay-color=\"true\" data-padding-pos=\"all\" data-has-bg-color=\"true\" data-bg-color=\"#dc1941\" data-bg-opacity=\"1\" data-animation=\"\" data-delay=\"0\" >\n\t\t<div class=\"vc_column-inner\" ><div class=\"column-image-bg-wrap column-bg-layer viewport-desktop\" data-bg-pos=\"center center\" data-bg-animation=\"none\" data-bg-overlay=\"true\"><div class=\"inner-wrap\"><div class=\"column-image-bg\" style=\" background-image: url('https:\/\/drlab.unitn.it\/wp-content\/uploads\/2024\/02\/pointer.webp'); \"><\/div><\/div><\/div><div class=\"column-bg-overlay-wrap column-bg-layer\" data-bg-animation=\"none\"><div class=\"column-bg-overlay\" style=\"opacity: 1; background-color: #dc1941;\"><\/div><div class=\"column-overlay-layer\" style=\"background-color:transparent;  opacity: 0.5; \"><\/div><\/div>\n\t\t\t<div class=\"wpb_wrapper\">\n\t\t\t\t<div class=\"divider-wrap height_tablet_100px height_phone_80px\" data-alignment=\"default\"><div style=\"height: 160px;\" class=\"divider\"><\/div><\/div><div id=\"fws_69d95ff965cba\" data-midnight=\"\" data-column-margin=\"default\" class=\"wpb_row vc_row-fluid vc_row inner_row  row_position_absolute bottom_position_desktop_-20px left_position_desktop_0px translate_x_-50pct bottom_position_tablet_-20px bottom_position_phone_-20px\"  style=\"\"><div class=\"row-bg-wrap\"> <div class=\"row-bg\" ><\/div> <\/div><div class=\"row_col_wrap_12_inner col span_12  left\">\n\t<div  class=\"vc_col-sm-12 wpb_column column_container vc_column_container col child_column no-extra-padding inherit_tablet inherit_phone\"   data-padding-pos=\"all\" data-has-bg-color=\"false\" data-bg-color=\"\" data-bg-opacity=\"1\" data-animation=\"\" data-delay=\"0\" data-scroll-animation=\"true\" data-scroll-animation-movement=\"transform_x\" data-scroll-animation-mobile=\"true\" data-scroll-animation-intensity=\"-2.5\" >\n\t\t<div class=\"vc_column-inner\" >\n\t\t<div class=\"wpb_wrapper\">\n\t\t\t<div class=\"nectar-scrolling-text font_size_150px font_size_mobile_130px custom_color\" data-style=\"default\" data-s-dir=\"rtl\" data-spacing=\"true\" data-outline-thickness=\"thin\" data-s-speed=\"slower\" data-overflow=\"visible\" ><div class=\"nectar-scrolling-text-inner\" data-persist-animation data-nectar-animate-settings=\"{&quot;animations&quot;:{&quot;desktop&quot;:{&quot;translateX&quot;:{&quot;start&quot;:&quot;0&quot;,&quot;end&quot;:&quot;25%&quot;},&quot;translateY&quot;:{&quot;start&quot;:&quot;0&quot;,&quot;end&quot;:&quot;0&quot;},&quot;scale&quot;:{&quot;start&quot;:&quot;1&quot;,&quot;end&quot;:&quot;1&quot;},&quot;opacity&quot;:{&quot;start&quot;:&quot;1&quot;,&quot;end&quot;:&quot;1&quot;},&quot;rotate&quot;:{&quot;start&quot;:&quot;0&quot;,&quot;end&quot;:&quot;0&quot;}},&quot;tablet&quot;:{&quot;translateX&quot;:{&quot;start&quot;:&quot;0&quot;,&quot;end&quot;:&quot;25%&quot;},&quot;translateY&quot;:{&quot;start&quot;:&quot;0&quot;,&quot;end&quot;:&quot;0&quot;},&quot;scale&quot;:{&quot;start&quot;:&quot;1&quot;,&quot;end&quot;:&quot;1&quot;},&quot;opacity&quot;:{&quot;start&quot;:&quot;1&quot;,&quot;end&quot;:&quot;1&quot;},&quot;rotate&quot;:{&quot;start&quot;:&quot;0&quot;,&quot;end&quot;:&quot;0&quot;}},&quot;phone&quot;:{&quot;translateX&quot;:{&quot;start&quot;:&quot;0&quot;,&quot;end&quot;:&quot;25%&quot;},&quot;translateY&quot;:{&quot;start&quot;:&quot;0&quot;,&quot;end&quot;:&quot;0&quot;},&quot;scale&quot;:{&quot;start&quot;:&quot;1&quot;,&quot;end&quot;:&quot;1&quot;},&quot;opacity&quot;:{&quot;start&quot;:&quot;1&quot;,&quot;end&quot;:&quot;1&quot;},&quot;rotate&quot;:{&quot;start&quot;:&quot;0&quot;,&quot;end&quot;:&quot;0&quot;}}},&quot;offsets&quot;:{&quot;start&quot;:&quot;0&quot;,&quot;end&quot;:&quot;100&quot;},&quot;config&quot;:[]}\" data-advanced-animation=\"true\" style=\"color: rgba(255,255,255,0.18);\"><div class=\"nectar-scrolling-text-inner__text-chunk\">\n<h1>Sonde di progettazione<\/h1>\n<\/div><div class=\"nectar-scrolling-text-inner__text-chunk\">\n<h1>Sonde di progettazione<\/h1>\n<\/div><div class=\"nectar-scrolling-text-inner__text-chunk\">\n<h1>Sonde di progettazione<\/h1>\n<\/div><div class=\"nectar-scrolling-text-inner__text-chunk\">\n<h1>Sonde di progettazione<\/h1>\n<\/div><div class=\"nectar-scrolling-text-inner__text-chunk\">\n<h1>Sonde di progettazione<\/h1>\n<\/div><\/div><\/div>\n\t\t<\/div> \n\t<\/div>\n\t<\/div> \n<\/div><\/div><div id=\"fws_69d95ff967e90\" data-midnight=\"\" data-column-margin=\"default\" class=\"wpb_row vc_row-fluid vc_row inner_row vc_row-o-equal-height vc_row-flex vc_row-o-content-bottom\"  style=\"\"><div class=\"row-bg-wrap\"> <div class=\"row-bg\" ><\/div> <\/div><div class=\"row_col_wrap_12_inner col span_12  left\">\n\t<div  class=\"vc_col-sm-12 wpb_column column_container vc_column_container col child_column no-extra-padding column_element_direction_desktop_horizontal column_element_direction_tablet_horizontal column_element_direction_phone_horizontal left_margin_15px left_margin_tablet_0px left_margin_phone_0px inherit_tablet inherit_phone\"   data-padding-pos=\"all\" data-has-bg-color=\"false\" data-bg-color=\"\" data-bg-opacity=\"1\" data-animation=\"\" data-delay=\"0\" >\n\t\t<div class=\"vc_column-inner\" >\n\t\t<div class=\"wpb_wrapper\">\n\t\t\t<div class=\"nectar_icon_wrap\" data-style=\"default\" data-padding=\"20px\" data-color=\"white\" style=\"\" >\n\t\t<div class=\"nectar_icon\" ><i style=\"font-size: 30px; line-height: 30px; height: 30px; width: 30px;\" class=\"icon-arrows-slim-right\"><\/i><\/div>\n\t<\/div><a href=\"https:\/\/drlab.unitn.it\/fr\/portfolio\/\" target=\"_self\"><div class=\"nectar-split-heading\" data-align=\"default\" data-m-align=\"inherit\" data-text-effect=\"letter-reveal-bottom\" data-animation-type=\"line-reveal-by-space\" data-animation-delay=\"500\" data-animation-offset=\"\" data-m-rm-animation=\"\" data-stagger=\"true\" data-custom-font-size=\"false\" ><h4 style=\" color: #ffffff;\">PORTFOLIO<\/h4><\/div><\/a><div class=\"nectar_icon_wrap\" data-style=\"default\" data-padding=\"20px\" data-color=\"white\" style=\"\" >\n\t\t<div class=\"nectar_icon\" ><i style=\"font-size: 30px; line-height: 30px; height: 30px; width: 30px;\" class=\"icon-arrows-slim-right\"><\/i><\/div>\n\t<\/div><div class=\"nectar-split-heading\" data-align=\"default\" data-m-align=\"inherit\" data-text-effect=\"letter-reveal-bottom\" data-animation-type=\"line-reveal-by-space\" data-animation-delay=\"500\" data-animation-offset=\"\" data-m-rm-animation=\"\" data-stagger=\"true\" data-custom-font-size=\"false\" ><h4 style=\" color: #ffffff;\">Sonde di progettazione<\/h4><\/div>\n\t\t<\/div> \n\t<\/div>\n\t<\/div> \n<\/div><\/div><div class=\"divider-wrap\" data-alignment=\"default\"><div style=\"height: 20px;\" class=\"divider\"><\/div><\/div>\n\t\t\t<\/div> \n\t\t<\/div>\n\t<\/div> \n<\/div><\/div>\n\t\t<div id=\"fws_69d95ff96b5cf\"  data-column-margin=\"default\" data-midnight=\"dark\" data-top-percent=\"5%\" data-bottom-percent=\"5%\"  class=\"wpb_row vc_row-fluid vc_row full-width-section\"  style=\"padding-top: calc(100vw * 0.05); padding-bottom: calc(100vw * 0.05); \"><div class=\"row-bg-wrap\" data-bg-animation=\"none\" data-bg-animation-delay=\"\" data-bg-overlay=\"false\"><div class=\"inner-wrap row-bg-layer\" ><div class=\"row-bg viewport-desktop\"  style=\"\"><\/div><\/div><\/div><div class=\"row_col_wrap_12 col span_12 dark left\">\n\t<div  class=\"vc_col-sm-12 wpb_column column_container vc_column_container col no-extra-padding inherit_tablet inherit_phone\"  data-padding-pos=\"all\" data-has-bg-color=\"false\" data-bg-color=\"\" data-bg-opacity=\"1\" data-animation=\"\" data-delay=\"0\" >\n\t\t<div class=\"vc_column-inner\" >\n\t\t\t<div class=\"wpb_wrapper\">\n\t\t\t\t<div id=\"fws_69d95ff96cf00\" data-midnight=\"\" data-column-margin=\"100px\" class=\"wpb_row vc_row-fluid vc_row inner_row vc_row-o-equal-height vc_row-flex vc_row-o-content-top\"  style=\"\"><div class=\"row-bg-wrap\"> <div class=\"row-bg\" ><\/div> <\/div><div class=\"row_col_wrap_12_inner col span_12  left\">\n\t<div  class=\"vc_col-sm-2 wpb_column column_container vc_column_container col child_column no-extra-padding inherit_tablet inherit_phone\"   data-padding-pos=\"all\" data-has-bg-color=\"false\" data-bg-color=\"\" data-bg-opacity=\"1\" data-animation=\"\" data-delay=\"0\" >\n\t\t<div class=\"vc_column-inner\" >\n\t\t<div class=\"wpb_wrapper\">\n\t\t\t<div class=\"nectar_icon_wrap\" data-style=\"default\" data-padding=\"20px\" data-color=\"extra-color-1\" style=\"\" >\n\t\t<div class=\"nectar_icon\" ><span class=\"im-icon-wrap\" data-color=\"extra-color-1\" style=\"height: 150px; width: 150px;\"><span><svg role=\"presentation\" version=\"1.1\" xmlns=\"http:\/\/www.w3.org\/2000\/svg\" width=\"150\" height=\"150\" viewbox=\"0 0 32 32\">\n        <path d=\"M31.333 32h-30.667c-0.368 0-0.667-0.3-0.667-0.667v-30.667c0-0.367 0.299-0.667 0.667-0.667h30.667c0.367 0 0.667 0.3 0.667 0.667v30.667c0 0.367-0.3 0.667-0.667 0.667zM1.333 30.667h29.333v-29.333h-29.333v29.333zM0.667 6c-0.171 0-0.341-0.065-0.472-0.195-0.26-0.257-0.26-0.683 0-0.943l4.667-4.667c0.26-0.257 0.683-0.257 0.943 0 0.26 0.26 0.26 0.685 0 0.943l-4.667 4.667c-0.131 0.129-0.301 0.195-0.471 0.195zM0.667 11.333c-0.171 0-0.341-0.065-0.472-0.195-0.26-0.257-0.26-0.683 0-0.943l10-10c0.26-0.257 0.683-0.257 0.943 0 0.26 0.26 0.26 0.685 0 0.943l-10 10c-0.129 0.129-0.3 0.195-0.471 0.195zM0.667 16.667c-0.171 0-0.341-0.065-0.472-0.195-0.26-0.257-0.26-0.683 0-0.943l15.333-15.333c0.26-0.257 0.683-0.257 0.943 0 0.26 0.26 0.26 0.685 0 0.943l-15.333 15.333c-0.129 0.129-0.3 0.195-0.471 0.195zM0.855 21.812c-0.171 0-0.341-0.065-0.472-0.195-0.26-0.26-0.26-0.683 0-0.943l20.479-20.48c0.259-0.257 0.683-0.257 0.943 0 0.259 0.26 0.259 0.685 0 0.943l-20.479 20.48c-0.131 0.131-0.3 0.195-0.471 0.195zM0.855 27.145c-0.171 0-0.341-0.065-0.472-0.195-0.26-0.26-0.26-0.683 0-0.943l25.812-25.813c0.259-0.257 0.683-0.257 0.943 0 0.259 0.26 0.259 0.685 0 0.943l-25.812 25.813c-0.131 0.131-0.3 0.195-0.471 0.195zM1.333 32c-0.171 0-0.341-0.065-0.472-0.195-0.26-0.257-0.26-0.683 0-0.943l30-30c0.259-0.257 0.683-0.257 0.943 0 0.259 0.26 0.259 0.685 0 0.943l-30 30c-0.129 0.129-0.3 0.195-0.471 0.195zM6.667 32c-0.171 0-0.341-0.065-0.472-0.195-0.26-0.257-0.26-0.683 0-0.943l24.667-24.667c0.259-0.257 0.683-0.257 0.943 0 0.259 0.26 0.259 0.685 0 0.943l-24.667 24.667c-0.129 0.129-0.3 0.195-0.471 0.195zM12 32c-0.171 0-0.341-0.065-0.472-0.195-0.26-0.257-0.26-0.683 0-0.943l19.333-19.333c0.259-0.257 0.683-0.257 0.943 0 0.259 0.26 0.259 0.685 0 0.943l-19.333 19.333c-0.129 0.129-0.3 0.195-0.471 0.195zM17.333 32c-0.171 0-0.341-0.065-0.472-0.195-0.26-0.257-0.26-0.683 0-0.943l14-14c0.259-0.257 0.683-0.257 0.943 0 0.259 0.26 0.259 0.685 0 0.943l-14 14c-0.129 0.129-0.3 0.195-0.471 0.195zM22.667 32c-0.171 0-0.341-0.065-0.472-0.195-0.26-0.257-0.26-0.683 0-0.943l8.667-8.667c0.259-0.257 0.683-0.257 0.943 0 0.259 0.26 0.259 0.685 0 0.943l-8.667 8.667c-0.129 0.129-0.3 0.195-0.471 0.195zM28 32c-0.171 0-0.341-0.065-0.472-0.195-0.26-0.257-0.26-0.683 0-0.943l3.333-3.333c0.259-0.257 0.683-0.257 0.943 0 0.259 0.26 0.259 0.685 0 0.943l-3.333 3.333c-0.129 0.129-0.3 0.195-0.471 0.195z\"><\/path>\n        <\/svg><\/span><\/span><\/div>\n\t<\/div>\n\t\t<\/div> \n\t<\/div>\n\t<\/div> \n\n\t<div  class=\"vc_col-sm-10 wpb_column column_container vc_column_container col child_column no-extra-padding inherit_tablet inherit_phone\"   data-padding-pos=\"all\" data-has-bg-color=\"false\" data-bg-color=\"\" data-bg-opacity=\"1\" data-animation=\"\" data-delay=\"0\" >\n\t\t<div class=\"vc_column-inner\" >\n\t\t<div class=\"wpb_wrapper\">\n\t\t\t\n<div class=\"wpb_text_column wpb_content_element\" >\n\t<div class=\"wpb_wrapper\">\n\t\t<h3>03.<\/h3>\n<h2><strong>PROBES DE CONCEPTION<br \/>\n<\/strong><\/h2>\n\t<\/div>\n<\/div>\n\n\n\n<div class=\"divider-wrap\" data-alignment=\"default\"><div style=\"margin-top: 5vh; height: 1px; margin-bottom: 5vh;\" data-width=\"100%\" data-animate=\"\" data-animation-delay=\"\" data-color=\"default\" class=\"divider-border\"><\/div><\/div>\n<div class=\"wpb_text_column wpb_content_element\" >\n\t<div class=\"wpb_wrapper\">\n\t\t<p><span style=\"font-weight: 400;\">Les sondes de conception sont des outils exploratoires bas\u00e9s sur la conception et appliqu\u00e9s \u00e0 des contextes de conception afin de comprendre de mani\u00e8re exhaustive les caract\u00e9ristiques qui influencent les donn\u00e9es et la dynamique de la conception.<\/span><\/p>\n\t<\/div>\n<\/div>\n\n\n\n\n<div class=\"wpb_text_column wpb_content_element\" >\n\t<div class=\"wpb_wrapper\">\n\t\t<p><span style=\"font-weight: 400;\">Le sonde vengono applicate seguendo queste fasi:\u00a0<\/span><\/p>\n\t<\/div>\n<\/div>\n\n\n\n<div class=\"divider-wrap\" data-alignment=\"default\"><div style=\"margin-top: 5vh; height: 1px; margin-bottom: 5vh;\" data-width=\"100%\" data-animate=\"\" data-animation-delay=\"\" data-color=\"default\" class=\"divider-border\"><\/div><\/div>\n<div class=\"wpb_text_column wpb_content_element\" >\n\t<div class=\"wpb_wrapper\">\n\t\t<h3><strong>01. Progettazione della sonda<\/strong><\/h3>\n<p><span style=\"font-weight: 400;\">In questa fase, le azioni previste sono:\u2028<\/span><\/p>\n<p>\u2022 individuazione del target;<br \/>\n<span style=\"font-weight: 400;\">\u2022 valutazione del contesto;<br \/>\n\u2022 analisi di opportunit\u00e0 e limiti applicativi;<br \/>\n\u2022 progettazione del set di applicazione costituito da strumenti adattati dalla letteratura o da strumenti disegnati ad hoc;<br \/>\n\u2022 predisposizione delle risorse per la fase successiva.<\/span><\/p>\n\t<\/div>\n<\/div>\n\n\n\n<div class=\"divider-wrap\" data-alignment=\"default\"><div style=\"margin-top: 5vh; height: 1px; margin-bottom: 5vh;\" data-width=\"100%\" data-animate=\"\" data-animation-delay=\"\" data-color=\"default\" class=\"divider-border\"><\/div><\/div>\n<div class=\"wpb_text_column wpb_content_element\" >\n\t<div class=\"wpb_wrapper\">\n\t\t<h3><strong>02. Applicazione della sonda<br \/>\n<\/strong><\/h3>\n<p><span style=\"font-weight: 400;\">In questa fase, le azioni previste sono:<\/span><br \/>\n<span style=\"font-weight: 400;\"><br \/>\n\u2022 attivazione delle azioni pianificate nella fase precedente;<br \/>\n\u2022 supporto e monitoraggio dell\u2019andamento della sonda;<br \/>\n\u2022 preparazione degli strumenti e delle risorse per sviluppare la fase successiva.<br \/>\n<\/span><\/p>\n\t<\/div>\n<\/div>\n\n\n\n<div class=\"divider-wrap\" data-alignment=\"default\"><div style=\"margin-top: 5vh; height: 1px; margin-bottom: 5vh;\" data-width=\"100%\" data-animate=\"\" data-animation-delay=\"\" data-color=\"default\" class=\"divider-border\"><\/div><\/div>\n<div class=\"wpb_text_column wpb_content_element\" >\n\t<div class=\"wpb_wrapper\">\n\t\t<h3><strong>03. Analisi dei dati<\/strong><\/h3>\n<p><span style=\"font-weight: 400;\">In questa fase, le azioni previste sono:<\/span><br \/>\n<span style=\"font-weight: 400;\"><br \/>\n\u2022 analisi dei dati raccolti dalla sonda con ulteriori strumenti progettati nella fase precedente;<br \/>\n\u2022 disposizione e generazione di output, materiale disseminativo e documenti di sintesi per facilitare la lettura dei dati analizzati.<br \/>\n<\/span><\/p>\n\t<\/div>\n<\/div>\n\n\n\n<div class=\"divider-wrap\" data-alignment=\"default\"><div style=\"margin-top: 5vh; height: 1px; margin-bottom: 5vh;\" data-width=\"100%\" data-animate=\"\" data-animation-delay=\"\" data-color=\"default\" class=\"divider-border\"><\/div><\/div>\n\t\t<\/div> \n\t<\/div>\n\t<\/div> \n<\/div><\/div>\n\t\t\t<\/div> \n\t\t<\/div>\n\t<\/div> \n<\/div><\/div>\n\t\t<div id=\"fws_69d95ff97414b\"  data-br=\"custom\" data-br-applies=\"bg\" data-column-margin=\"default\" data-midnight=\"dark\"  class=\"wpb_row vc_row-fluid vc_row  tl_br_25px tr_br_25px top_margin_5pct bottom_margin_0px\"  style=\"padding-top: 0px; padding-bottom: 0px; \"><div class=\"row-bg-wrap\" data-bg-animation=\"none\" data-bg-animation-delay=\"\" data-bg-overlay=\"false\"><div class=\"inner-wrap row-bg-layer\" ><div class=\"row-bg viewport-desktop\"  style=\"\"><\/div><\/div><\/div><div class=\"row_col_wrap_12 col span_12 dark left\">\n\t<div style=\"\" class=\"vc_col-sm-12 wpb_column column_container vc_column_container col centered-text padding-10-percent column_element_direction_desktop_horizontal force-desktop-text-align-center column_element_direction_tablet_horizontal force-tablet-text-align-center column_element_direction_phone_horizontal force-phone-text-align-center inherit_tablet inherit_phone bg_img_front tl_br_25px tr_br_25px\" data-using-bg=\"true\" data-padding-pos=\"all\" data-has-bg-color=\"true\" data-bg-color=\"#ededed\" data-bg-opacity=\"1\" data-animation=\"\" data-delay=\"0\" >\n\t\t<div class=\"vc_column-inner\" ><div class=\"column-image-bg-wrap column-bg-layer viewport-desktop\" data-bg-pos=\"center center\" data-bg-animation=\"none\" data-bg-overlay=\"false\"><div class=\"inner-wrap\"><div class=\"column-image-bg\" style=\" background-image: url('https:\/\/drlab.unitn.it\/wp-content\/uploads\/2024\/02\/pointer.webp'); \"><\/div><\/div><\/div><div class=\"column-bg-overlay-wrap column-bg-layer\" data-bg-animation=\"none\"><div class=\"column-bg-overlay\" style=\"opacity: 1; background-color: #ededed;\"><\/div><\/div>\n\t\t\t<div class=\"wpb_wrapper\">\n\t\t\t\t\n<div class=\"wpb_text_column wpb_content_element\" >\n\t<div class=\"wpb_wrapper\">\n\t\t<p><strong>Retour au :<\/strong><\/p>\n\t<\/div>\n<\/div>\n\n\n\n<div class=\"nectar-cta  hover_color_333333 text_hover_color_e0e0e0 alignment_tablet_default alignment_phone_default display_tablet_inherit display_phone_inherit\" data-color=\"black\" data-using-bg=\"true\" data-style=\"see-through\" data-display=\"block\" data-alignment=\"left\" data-text-color=\"custom\" style=\"margin-left: 10px;\"><p style=\"color: #ffffff;\"> <span class=\"text\"> <\/span><span class=\"link_wrap\" style=\"padding-top: 15px; padding-right: 20px; padding-bottom: 15px; padding-left: 20px;\"><a  class=\"link_text\" role=\"button\" href=\"https:\/\/drlab.unitn.it\/fr\/portfolio\/\">Le portefeuille<span class=\"arrow\"><\/span><\/a><\/span><\/p><\/div>\n\t\t\t<\/div> \n\t\t<\/div>\n\t<\/div> \n<\/div><\/div>","protected":false},"excerpt":{"rendered":"Sonde di progettazione Sonde di progettazione Sonde di progettazione Sonde di progettazione Sonde di progettazione PORTFOLIO Sonde di progettazione 03. SONDE DI PROGETTAZIONE Le sonde progettuali sono strumenti esplorativi design-based...","protected":false},"author":1,"featured_media":0,"parent":337,"menu_order":0,"comment_status":"closed","ping_status":"closed","template":"","meta":{"footnotes":""},"class_list":["post-58983","page","type-page","status-publish"],"_links":{"self":[{"href":"https:\/\/drlab.unitn.it\/fr\/wp-json\/wp\/v2\/pages\/58983","targetHints":{"allow":["GET"]}}],"collection":[{"href":"https:\/\/drlab.unitn.it\/fr\/wp-json\/wp\/v2\/pages"}],"about":[{"href":"https:\/\/drlab.unitn.it\/fr\/wp-json\/wp\/v2\/types\/page"}],"author":[{"embeddable":true,"href":"https:\/\/drlab.unitn.it\/fr\/wp-json\/wp\/v2\/users\/1"}],"replies":[{"embeddable":true,"href":"https:\/\/drlab.unitn.it\/fr\/wp-json\/wp\/v2\/comments?post=58983"}],"version-history":[{"count":9,"href":"https:\/\/drlab.unitn.it\/fr\/wp-json\/wp\/v2\/pages\/58983\/revisions"}],"predecessor-version":[{"id":60514,"href":"https:\/\/drlab.unitn.it\/fr\/wp-json\/wp\/v2\/pages\/58983\/revisions\/60514"}],"up":[{"embeddable":true,"href":"https:\/\/drlab.unitn.it\/fr\/wp-json\/wp\/v2\/pages\/337"}],"wp:attachment":[{"href":"https:\/\/drlab.unitn.it\/fr\/wp-json\/wp\/v2\/media?parent=58983"}],"curies":[{"name":"wp","href":"https:\/\/api.w.org\/{rel}","templated":true}]}}