{"id":337,"date":"2024-03-22T14:44:04","date_gmt":"2024-03-22T14:44:04","guid":{"rendered":"https:\/\/drlab.unitn.it\/?page_id=337"},"modified":"2024-06-28T11:41:45","modified_gmt":"2024-06-28T11:41:45","slug":"portfolio","status":"publish","type":"page","link":"https:\/\/drlab.unitn.it\/fr\/portfolio\/","title":{"rendered":"Le portefeuille"},"content":{"rendered":"<div id=\"fws_69dd0ff3cddcd\"  data-column-margin=\"default\" data-midnight=\"light\"  class=\"wpb_row vc_row-fluid vc_row full-width-section\"  style=\"padding-top: 0px; padding-bottom: 0px; \"><div class=\"row-bg-wrap\" data-bg-animation=\"none\" data-bg-animation-delay=\"\" data-bg-overlay=\"true\"><div class=\"inner-wrap row-bg-layer using-image\" ><div class=\"row-bg viewport-desktop using-image no-cover\"  style=\"background-image: url(https:\/\/drlab.unitn.it\/wp-content\/uploads\/2024\/02\/pointer.webp); background-position: left top; background-repeat: repeat; \"><\/div><\/div><div class=\"row-bg-overlay row-bg-layer\" style=\"background: linear-gradient(to bottom,rgba(255,255,255,0.001) 25%,#ffffff 100%);  opacity: 1; \"><\/div><\/div><div class=\"row_col_wrap_12 col span_12 light left\">\n\t<div style=\"\" class=\"vc_col-sm-12 wpb_column column_container vc_column_container col bg_img_front bl_br_25px br_br_25px left_padding_desktop_25px left_padding_tablet_0px left_padding_phone_0px right_padding_desktop_25px right_padding_tablet_0px right_padding_phone_0px\" data-using-bg=\"true\" data-overlay-color=\"true\" data-padding-pos=\"all\" data-has-bg-color=\"true\" data-bg-color=\"#dc1941\" data-bg-opacity=\"1\" data-animation=\"\" data-delay=\"0\" >\n\t\t<div class=\"vc_column-inner\" ><div class=\"column-image-bg-wrap column-bg-layer viewport-desktop\" data-bg-pos=\"center center\" data-bg-animation=\"none\" data-bg-overlay=\"true\"><div class=\"inner-wrap\"><div class=\"column-image-bg\" style=\" background-image: url('https:\/\/drlab.unitn.it\/wp-content\/uploads\/2024\/02\/pointer.webp'); \"><\/div><\/div><\/div><div class=\"column-bg-overlay-wrap column-bg-layer\" data-bg-animation=\"none\"><div class=\"column-bg-overlay\" style=\"opacity: 1; background-color: #dc1941;\"><\/div><div class=\"column-overlay-layer\" style=\"background-color:transparent;  opacity: 0.5; \"><\/div><\/div>\n\t\t\t<div class=\"wpb_wrapper\">\n\t\t\t\t<div class=\"divider-wrap height_tablet_100px height_phone_80px\" data-alignment=\"default\"><div style=\"height: 160px;\" class=\"divider\"><\/div><\/div><div id=\"fws_69dd0ff3cf43e\" data-midnight=\"\" data-column-margin=\"default\" class=\"wpb_row vc_row-fluid vc_row inner_row  row_position_absolute bottom_position_desktop_-20px left_position_desktop_0px translate_x_-50pct bottom_position_tablet_-20px bottom_position_phone_-20px\"  style=\"\"><div class=\"row-bg-wrap\"> <div class=\"row-bg\" ><\/div> <\/div><div class=\"row_col_wrap_12_inner col span_12  left\">\n\t<div  class=\"vc_col-sm-12 wpb_column column_container vc_column_container col child_column no-extra-padding inherit_tablet inherit_phone\"   data-padding-pos=\"all\" data-has-bg-color=\"false\" data-bg-color=\"\" data-bg-opacity=\"1\" data-animation=\"\" data-delay=\"0\" data-scroll-animation=\"true\" data-scroll-animation-movement=\"transform_x\" data-scroll-animation-mobile=\"true\" data-scroll-animation-intensity=\"-2.5\" >\n\t\t<div class=\"vc_column-inner\" >\n\t\t<div class=\"wpb_wrapper\">\n\t\t\t<div class=\"nectar-scrolling-text font_size_150px font_size_mobile_130px custom_color\" data-style=\"default\" data-s-dir=\"rtl\" data-spacing=\"true\" data-outline-thickness=\"thin\" data-s-speed=\"slower\" data-overflow=\"visible\" ><div class=\"nectar-scrolling-text-inner\" data-persist-animation data-nectar-animate-settings=\"{&quot;animations&quot;:{&quot;desktop&quot;:{&quot;translateX&quot;:{&quot;start&quot;:&quot;0&quot;,&quot;end&quot;:&quot;25%&quot;},&quot;translateY&quot;:{&quot;start&quot;:&quot;0&quot;,&quot;end&quot;:&quot;0&quot;},&quot;scale&quot;:{&quot;start&quot;:&quot;1&quot;,&quot;end&quot;:&quot;1&quot;},&quot;opacity&quot;:{&quot;start&quot;:&quot;1&quot;,&quot;end&quot;:&quot;1&quot;},&quot;rotate&quot;:{&quot;start&quot;:&quot;0&quot;,&quot;end&quot;:&quot;0&quot;}},&quot;tablet&quot;:{&quot;translateX&quot;:{&quot;start&quot;:&quot;0&quot;,&quot;end&quot;:&quot;25%&quot;},&quot;translateY&quot;:{&quot;start&quot;:&quot;0&quot;,&quot;end&quot;:&quot;0&quot;},&quot;scale&quot;:{&quot;start&quot;:&quot;1&quot;,&quot;end&quot;:&quot;1&quot;},&quot;opacity&quot;:{&quot;start&quot;:&quot;1&quot;,&quot;end&quot;:&quot;1&quot;},&quot;rotate&quot;:{&quot;start&quot;:&quot;0&quot;,&quot;end&quot;:&quot;0&quot;}},&quot;phone&quot;:{&quot;translateX&quot;:{&quot;start&quot;:&quot;0&quot;,&quot;end&quot;:&quot;25%&quot;},&quot;translateY&quot;:{&quot;start&quot;:&quot;0&quot;,&quot;end&quot;:&quot;0&quot;},&quot;scale&quot;:{&quot;start&quot;:&quot;1&quot;,&quot;end&quot;:&quot;1&quot;},&quot;opacity&quot;:{&quot;start&quot;:&quot;1&quot;,&quot;end&quot;:&quot;1&quot;},&quot;rotate&quot;:{&quot;start&quot;:&quot;0&quot;,&quot;end&quot;:&quot;0&quot;}}},&quot;offsets&quot;:{&quot;start&quot;:&quot;0&quot;,&quot;end&quot;:&quot;100&quot;},&quot;config&quot;:[]}\" data-advanced-animation=\"true\" style=\"color: rgba(255,255,255,0.18);\"><div class=\"nectar-scrolling-text-inner__text-chunk\">\n<h1>Le portefeuille<\/h1>\n<\/div><div class=\"nectar-scrolling-text-inner__text-chunk\">\n<h1>Le portefeuille<\/h1>\n<\/div><div class=\"nectar-scrolling-text-inner__text-chunk\">\n<h1>Le portefeuille<\/h1>\n<\/div><div class=\"nectar-scrolling-text-inner__text-chunk\">\n<h1>Le portefeuille<\/h1>\n<\/div><div class=\"nectar-scrolling-text-inner__text-chunk\">\n<h1>Le portefeuille<\/h1>\n<\/div><\/div><\/div>\n\t\t<\/div> \n\t<\/div>\n\t<\/div> \n<\/div><\/div><div id=\"fws_69dd0ff3d07f2\" data-midnight=\"\" data-column-margin=\"default\" class=\"wpb_row vc_row-fluid vc_row inner_row vc_row-o-equal-height vc_row-flex vc_row-o-content-bottom\"  style=\"\"><div class=\"row-bg-wrap\"> <div class=\"row-bg\" ><\/div> <\/div><div class=\"row_col_wrap_12_inner col span_12  left\">\n\t<div  class=\"vc_col-sm-12 wpb_column column_container vc_column_container col child_column no-extra-padding column_element_direction_desktop_horizontal column_element_direction_tablet_horizontal column_element_direction_phone_horizontal left_margin_15px left_margin_tablet_0px left_margin_phone_0px inherit_tablet inherit_phone\"   data-padding-pos=\"all\" data-has-bg-color=\"false\" data-bg-color=\"\" data-bg-opacity=\"1\" data-animation=\"\" data-delay=\"0\" >\n\t\t<div class=\"vc_column-inner\" >\n\t\t<div class=\"wpb_wrapper\">\n\t\t\t<div class=\"nectar_icon_wrap\" data-style=\"default\" data-padding=\"20px\" data-color=\"white\" style=\"\" >\n\t\t<div class=\"nectar_icon\" ><i style=\"font-size: 30px; line-height: 30px; height: 30px; width: 30px;\" class=\"icon-arrows-slim-right\"><\/i><\/div>\n\t<\/div><div class=\"nectar-split-heading\" data-align=\"default\" data-m-align=\"inherit\" data-text-effect=\"letter-reveal-bottom\" data-animation-type=\"line-reveal-by-space\" data-animation-delay=\"500\" data-animation-offset=\"\" data-m-rm-animation=\"\" data-stagger=\"true\" data-custom-font-size=\"false\" ><h4 style=\" color: #ffffff;\">PORTFOLIO<\/h4><\/div>\n\t\t<\/div> \n\t<\/div>\n\t<\/div> \n<\/div><\/div><div class=\"divider-wrap\" data-alignment=\"default\"><div style=\"height: 20px;\" class=\"divider\"><\/div><\/div>\n\t\t\t<\/div> \n\t\t<\/div>\n\t<\/div> \n<\/div><\/div>\n\t\t<div id=\"fws_69dd0ff3d2414\"  data-column-margin=\"default\" data-midnight=\"dark\"  class=\"wpb_row vc_row-fluid vc_row full-width-section  top_margin_5pct\"  style=\"padding-top: 0px; padding-bottom: 0px; \"><div class=\"row-bg-wrap\" data-bg-animation=\"none\" data-bg-animation-delay=\"\" data-bg-overlay=\"false\"><div class=\"inner-wrap row-bg-layer\" ><div class=\"row-bg viewport-desktop\"  style=\"\"><\/div><\/div><\/div><div class=\"row_col_wrap_12 col span_12 dark left\">\n\t<div  class=\"vc_col-sm-12 wpb_column column_container vc_column_container col no-extra-padding inherit_tablet inherit_phone\"  data-padding-pos=\"all\" data-has-bg-color=\"false\" data-bg-color=\"\" data-bg-opacity=\"1\" data-animation=\"\" data-delay=\"0\" >\n\t\t<div class=\"vc_column-inner\" >\n\t\t\t<div class=\"wpb_wrapper\">\n\t\t\t\t<div id=\"fws_69dd0ff3d3363\" data-midnight=\"\" data-column-margin=\"40px\" class=\"wpb_row vc_row-fluid vc_row inner_row vc_row-o-equal-height vc_row-flex vc_row-o-content-top\"  style=\"\"><div class=\"row-bg-wrap\"> <div class=\"row-bg\" ><\/div> <\/div><div class=\"row_col_wrap_12_inner col span_12  left\">\n\t<div  class=\"vc_col-sm-6 wpb_column column_container vc_column_container col child_column padding-3-percent column_element_direction_desktop_horizontal column_el_align_flex-start inherit_tablet inherit_phone\"   data-border-radius=\"20px\" data-border-animation=\"\" data-border-animation-delay=\"\" data-border-width=\"1px\" data-border-style=\"solid\" data-border-color=\"#c6c6c6\" data-padding-pos=\"all\" data-has-bg-color=\"false\" data-bg-color=\"\" data-bg-opacity=\"1\" data-hover-bg=\"#ededed\" data-hover-bg-opacity=\"1\" data-animation=\"\" data-delay=\"0\" >\n\t\t<div class=\"vc_column-inner\" style=\"border: 1px solid #c6c6c6;\"><a class=\"column-link\" target=\"_self\" href=\"https:\/\/drlab.unitn.it\/fr\/portfolio\/framework-transfer-through-design\/\"><\/a><div class=\"column-bg-overlay-wrap column-bg-layer\" data-bg-animation=\"none\"><div class=\"column-bg-overlay\"><\/div><\/div>\n\t\t<div class=\"wpb_wrapper\">\n\t\t\t<div class=\"nectar_icon_wrap\" data-style=\"default\" data-padding=\"0px\" data-color=\"extra-color-1\" style=\"margin-right: 25px; \" >\n\t\t<div class=\"nectar_icon\" ><span class=\"im-icon-wrap\" data-color=\"extra-color-1\" style=\"height: 80px; width: 80px;\"><span><svg role=\"presentation\" version=\"1.1\" xmlns=\"http:\/\/www.w3.org\/2000\/svg\" width=\"80\" height=\"80\" viewbox=\"0 0 32 32\">\n        <path d=\"M23.333 14.66c-0.175 0-0.344-0.068-0.472-0.195l-12.444-12.441c-0.163-0.163-0.228-0.396-0.177-0.619 0.049-0.224 0.211-0.407 0.427-0.483 4.332-1.531 9.081-1.115 12.987 1.021 0.211 0.116 0.347 0.341 0.347 0.584v11.471c0 0.269-0.164 0.513-0.415 0.616-0.080 0.028-0.168 0.045-0.252 0.045zM12.139 1.857l10.528 10.525v-9.456c-3.2-1.632-6.979-2.052-10.528-1.069zM30.112 22.66h-6.779c-0.367 0-0.667-0.301-0.667-0.667v-19.467c0-0.239 0.123-0.455 0.325-0.576 0.2-0.123 0.453-0.127 0.661-0.012 5.149 2.809 8.347 8.197 8.347 14.052 0 2.169-0.427 4.275-1.273 6.259-0.107 0.251-0.347 0.411-0.615 0.411zM24 21.327h5.664c0.667-1.699 1.003-3.492 1.003-5.333 0-4.985-2.528-9.597-6.667-12.293v17.627zM23.333 22.66h-14.667c-0.368 0-0.667-0.301-0.667-0.667v-7.103l-6.32 5.691c-0.171 0.152-0.411 0.209-0.633 0.14-0.221-0.064-0.393-0.24-0.456-0.461-0.393-1.42-0.591-2.857-0.591-4.267 0-6.752 4.285-12.808 10.667-15.072 0.245-0.081 0.513-0.024 0.695 0.16l12.444 12.443c0.124 0.123 0.195 0.292 0.195 0.469v8c0 0.368-0.3 0.667-0.667 0.667zM9.333 21.327h13.333v-7.057l-6.621-6.621-6.712 6.043v7.636zM10.721 2.324c-5.633 2.176-9.388 7.616-9.388 13.669 0 0.939 0.097 1.891 0.289 2.843l6.521-5.864c0.056-0.080 0.128-0.14 0.208-0.192l6.751-6.076-4.381-4.38zM8.667 30.131c-0.111 0-0.22-0.028-0.32-0.084-3.779-2.061-6.605-5.629-7.755-9.788-0.067-0.247 0.009-0.503 0.196-0.672l7.432-6.693c0.196-0.173 0.476-0.215 0.717-0.112 0.24 0.108 0.395 0.349 0.395 0.609v16.071c0 0.237-0.124 0.453-0.327 0.573-0.104 0.061-0.223 0.096-0.339 0.096zM1.992 20.3c1.005 3.276 3.153 6.121 6.008 7.985v-13.395l-6.008 5.409zM16 31.993c-2.672 0-5.319-0.673-7.653-1.948-0.213-0.116-0.347-0.343-0.347-0.581v-7.472c0-0.364 0.299-0.667 0.667-0.667h21.445c0.224 0 0.435 0.112 0.557 0.303 0.123 0.188 0.143 0.419 0.057 0.631-2.519 5.912-8.303 9.735-14.727 9.735zM9.333 29.059c2.053 1.049 4.349 1.601 6.667 1.601 5.548 0 10.571-3.108 13.065-8h-19.732v6.399z\"><\/path>\n        <\/svg><\/span><\/span><\/div>\n\t<\/div>\n<div class=\"wpb_text_column wpb_content_element\" >\n\t<div class=\"wpb_wrapper\">\n\t\t<h3>01.<\/h3>\n<h6><strong>TRANSFERT DE CADRE PAR LA CONCEPTION<\/strong><\/h6>\n<hr \/>\n<p>Au cours de ses premi\u00e8res ann\u00e9es d'activit\u00e9, DRLab a con\u00e7u et appliqu\u00e9 des formats, des processus et des outils par le biais d'activit\u00e9s exp\u00e9rimentales avec des acteurs du Trentin issus de contextes qui, traditionnellement, n'adoptent pas la culture de projet comme levier strat\u00e9gique au sein de leurs organisations.<\/p>\n\t<\/div>\n<\/div>\n\n\n\n\n\t\t<\/div> \n\t<\/div>\n\t<\/div> \n\n\t<div  class=\"vc_col-sm-6 wpb_column column_container vc_column_container col child_column padding-3-percent column_element_direction_desktop_horizontal column_el_align_flex-start inherit_tablet inherit_phone\"   data-border-radius=\"20px\" data-border-animation=\"\" data-border-animation-delay=\"\" data-border-width=\"1px\" data-border-style=\"solid\" data-border-color=\"#c6c6c6\" data-padding-pos=\"all\" data-has-bg-color=\"false\" data-bg-color=\"\" data-bg-opacity=\"1\" data-hover-bg=\"#ededed\" data-hover-bg-opacity=\"1\" data-animation=\"\" data-delay=\"0\" >\n\t\t<div class=\"vc_column-inner\" style=\"border: 1px solid #c6c6c6;\"><a class=\"column-link\" target=\"_self\" href=\"https:\/\/drlab.unitn.it\/fr\/portfolio\/toolkit\/\"><\/a><div class=\"column-bg-overlay-wrap column-bg-layer\" data-bg-animation=\"none\"><div class=\"column-bg-overlay\"><\/div><\/div>\n\t\t<div class=\"wpb_wrapper\">\n\t\t\t<div class=\"nectar_icon_wrap\" data-style=\"default\" data-padding=\"0px\" data-color=\"extra-color-1\" style=\"margin-right: 25px; \" >\n\t\t<div class=\"nectar_icon\" ><span class=\"im-icon-wrap\" data-color=\"extra-color-1\" style=\"height: 80px; width: 80px;\"><span><svg role=\"presentation\" version=\"1.1\" xmlns=\"http:\/\/www.w3.org\/2000\/svg\" width=\"80\" height=\"80\" viewbox=\"0 0 32 32\">\n        <path d=\"M30.72 32h-29.44c-0.353 0-0.64-0.288-0.64-0.64v-30.72c0-0.352 0.287-0.64 0.64-0.64h29.44c0.353 0 0.639 0.288 0.639 0.64v30.72c0.001 0.352-0.285 0.64-0.639 0.64zM1.92 30.72h28.16v-29.44h-28.16v29.44zM30.080 7.68h-28.16c-0.353 0-0.64-0.288-0.64-0.64s0.287-0.64 0.64-0.64h28.16c0.353 0 0.64 0.288 0.64 0.64s-0.288 0.64-0.64 0.64zM30.080 17.92h-28.16c-0.353 0-0.64-0.288-0.64-0.64s0.287-0.64 0.64-0.64h28.16c0.353 0 0.64 0.287 0.64 0.64s-0.288 0.64-0.64 0.64zM30.080 11.52h-28.16c-0.353 0-0.64-0.288-0.64-0.64s0.287-0.64 0.64-0.64h28.16c0.353 0 0.64 0.288 0.64 0.64s-0.288 0.64-0.64 0.64zM27.52 5.12h-2.56c-0.352 0-0.639-0.288-0.639-0.64s0.288-0.64 0.639-0.64h2.56c0.353 0 0.64 0.288 0.64 0.64s-0.288 0.64-0.64 0.64zM27.52 15.36h-2.56c-0.352 0-0.639-0.288-0.639-0.64s0.288-0.64 0.639-0.64h2.56c0.353 0 0.64 0.288 0.64 0.64s-0.288 0.64-0.64 0.64zM26.24 21.76h-20.48c-0.353 0-0.64-0.288-0.64-0.64s0.287-0.639 0.64-0.639h20.48c0.353 0 0.64 0.287 0.64 0.639s-0.288 0.64-0.64 0.64zM19.84 28.16h-14.080c-0.353 0-0.64-0.288-0.64-0.64s0.287-0.639 0.64-0.639h14.080c0.353 0 0.64 0.288 0.64 0.639 0 0.352-0.287 0.64-0.64 0.64zM19.84 24.32h-14.080c-0.353 0-0.64-0.288-0.64-0.64s0.287-0.639 0.64-0.639h14.080c0.353 0 0.64 0.288 0.64 0.639 0 0.352-0.287 0.64-0.64 0.64z\"><\/path>\n        <\/svg><\/span><\/span><\/div>\n\t<\/div>\n<div class=\"wpb_text_column wpb_content_element\" >\n\t<div class=\"wpb_wrapper\">\n\t\t<h3>02.<\/h3>\n<h6><strong>TROUSSE D'OUTILS<\/strong><\/h6>\n<hr \/>\n<p>L'objectif de la bo\u00eete \u00e0 outils DRLab est de r\u00e9pandre l'utilisation de ces outils de projet et des pratiques connexes sur l'ensemble du territoire, en facilitant le transfert de connaissances sur les projets.<\/p>\n\t<\/div>\n<\/div>\n\n\n\n\n\t\t<\/div> \n\t<\/div>\n\t<\/div> \n<\/div><\/div><div id=\"fws_69dd0ff3d7e2c\" data-midnight=\"\" data-column-margin=\"40px\" class=\"wpb_row vc_row-fluid vc_row inner_row vc_row-o-equal-height vc_row-flex vc_row-o-content-top\"  style=\"\"><div class=\"row-bg-wrap\"> <div class=\"row-bg\" ><\/div> <\/div><div class=\"row_col_wrap_12_inner col span_12  left\">\n\t<div  class=\"vc_col-sm-6 wpb_column column_container vc_column_container col child_column padding-3-percent column_element_direction_desktop_horizontal column_el_align_flex-start inherit_tablet inherit_phone\"   data-border-radius=\"20px\" data-border-animation=\"\" data-border-animation-delay=\"\" data-border-width=\"1px\" data-border-style=\"solid\" data-border-color=\"#c6c6c6\" data-padding-pos=\"all\" data-has-bg-color=\"false\" data-bg-color=\"\" data-bg-opacity=\"1\" data-hover-bg=\"#ededed\" data-hover-bg-opacity=\"1\" data-animation=\"\" data-delay=\"0\" >\n\t\t<div class=\"vc_column-inner\" style=\"border: 1px solid #c6c6c6;\"><a class=\"column-link\" target=\"_self\" href=\"https:\/\/drlab.unitn.it\/fr\/portfolio\/sonde-di-progettazione\/\"><\/a><div class=\"column-bg-overlay-wrap column-bg-layer\" data-bg-animation=\"none\"><div class=\"column-bg-overlay\"><\/div><\/div>\n\t\t<div class=\"wpb_wrapper\">\n\t\t\t<div class=\"nectar_icon_wrap\" data-style=\"default\" data-padding=\"0px\" data-color=\"extra-color-1\" style=\"margin-right: 25px; \" >\n\t\t<div class=\"nectar_icon\" ><span class=\"im-icon-wrap\" data-color=\"extra-color-1\" style=\"height: 80px; width: 80px;\"><span><svg role=\"presentation\" version=\"1.1\" xmlns=\"http:\/\/www.w3.org\/2000\/svg\" width=\"80\" height=\"80\" viewbox=\"0 0 32 32\">\n        <path d=\"M31.333 32h-30.667c-0.368 0-0.667-0.3-0.667-0.667v-30.667c0-0.367 0.299-0.667 0.667-0.667h30.667c0.367 0 0.667 0.3 0.667 0.667v30.667c0 0.367-0.3 0.667-0.667 0.667zM1.333 30.667h29.333v-29.333h-29.333v29.333zM0.667 6c-0.171 0-0.341-0.065-0.472-0.195-0.26-0.257-0.26-0.683 0-0.943l4.667-4.667c0.26-0.257 0.683-0.257 0.943 0 0.26 0.26 0.26 0.685 0 0.943l-4.667 4.667c-0.131 0.129-0.301 0.195-0.471 0.195zM0.667 11.333c-0.171 0-0.341-0.065-0.472-0.195-0.26-0.257-0.26-0.683 0-0.943l10-10c0.26-0.257 0.683-0.257 0.943 0 0.26 0.26 0.26 0.685 0 0.943l-10 10c-0.129 0.129-0.3 0.195-0.471 0.195zM0.667 16.667c-0.171 0-0.341-0.065-0.472-0.195-0.26-0.257-0.26-0.683 0-0.943l15.333-15.333c0.26-0.257 0.683-0.257 0.943 0 0.26 0.26 0.26 0.685 0 0.943l-15.333 15.333c-0.129 0.129-0.3 0.195-0.471 0.195zM0.855 21.812c-0.171 0-0.341-0.065-0.472-0.195-0.26-0.26-0.26-0.683 0-0.943l20.479-20.48c0.259-0.257 0.683-0.257 0.943 0 0.259 0.26 0.259 0.685 0 0.943l-20.479 20.48c-0.131 0.131-0.3 0.195-0.471 0.195zM0.855 27.145c-0.171 0-0.341-0.065-0.472-0.195-0.26-0.26-0.26-0.683 0-0.943l25.812-25.813c0.259-0.257 0.683-0.257 0.943 0 0.259 0.26 0.259 0.685 0 0.943l-25.812 25.813c-0.131 0.131-0.3 0.195-0.471 0.195zM1.333 32c-0.171 0-0.341-0.065-0.472-0.195-0.26-0.257-0.26-0.683 0-0.943l30-30c0.259-0.257 0.683-0.257 0.943 0 0.259 0.26 0.259 0.685 0 0.943l-30 30c-0.129 0.129-0.3 0.195-0.471 0.195zM6.667 32c-0.171 0-0.341-0.065-0.472-0.195-0.26-0.257-0.26-0.683 0-0.943l24.667-24.667c0.259-0.257 0.683-0.257 0.943 0 0.259 0.26 0.259 0.685 0 0.943l-24.667 24.667c-0.129 0.129-0.3 0.195-0.471 0.195zM12 32c-0.171 0-0.341-0.065-0.472-0.195-0.26-0.257-0.26-0.683 0-0.943l19.333-19.333c0.259-0.257 0.683-0.257 0.943 0 0.259 0.26 0.259 0.685 0 0.943l-19.333 19.333c-0.129 0.129-0.3 0.195-0.471 0.195zM17.333 32c-0.171 0-0.341-0.065-0.472-0.195-0.26-0.257-0.26-0.683 0-0.943l14-14c0.259-0.257 0.683-0.257 0.943 0 0.259 0.26 0.259 0.685 0 0.943l-14 14c-0.129 0.129-0.3 0.195-0.471 0.195zM22.667 32c-0.171 0-0.341-0.065-0.472-0.195-0.26-0.257-0.26-0.683 0-0.943l8.667-8.667c0.259-0.257 0.683-0.257 0.943 0 0.259 0.26 0.259 0.685 0 0.943l-8.667 8.667c-0.129 0.129-0.3 0.195-0.471 0.195zM28 32c-0.171 0-0.341-0.065-0.472-0.195-0.26-0.257-0.26-0.683 0-0.943l3.333-3.333c0.259-0.257 0.683-0.257 0.943 0 0.259 0.26 0.259 0.685 0 0.943l-3.333 3.333c-0.129 0.129-0.3 0.195-0.471 0.195z\"><\/path>\n        <\/svg><\/span><\/span><\/div>\n\t<\/div>\n<div class=\"wpb_text_column wpb_content_element\" >\n\t<div class=\"wpb_wrapper\">\n\t\t<h3>03.<\/h3>\n<h6><strong>PROBES DE CONCEPTION<\/strong><\/h6>\n<hr \/>\n<p>Les sondes de conception sont des outils exploratoires bas\u00e9s sur la conception et appliqu\u00e9s \u00e0 des contextes de conception afin de comprendre de mani\u00e8re exhaustive les caract\u00e9ristiques qui influencent les donn\u00e9es et la dynamique de la conception.<\/p>\n\t<\/div>\n<\/div>\n\n\n\n\n\t\t<\/div> \n\t<\/div>\n\t<\/div> \n\n\t<div  class=\"vc_col-sm-6 wpb_column column_container vc_column_container col child_column padding-3-percent column_element_direction_desktop_horizontal column_el_align_flex-start inherit_tablet inherit_phone\"   data-border-radius=\"20px\" data-border-animation=\"\" data-border-animation-delay=\"\" data-border-width=\"1px\" data-border-style=\"solid\" data-border-color=\"#c6c6c6\" data-padding-pos=\"all\" data-has-bg-color=\"false\" data-bg-color=\"\" data-bg-opacity=\"1\" data-hover-bg=\"#ededed\" data-hover-bg-opacity=\"1\" data-animation=\"\" data-delay=\"0\" >\n\t\t<div class=\"vc_column-inner\" style=\"border: 1px solid #c6c6c6;\"><a class=\"column-link\" target=\"_self\" href=\"https:\/\/drlab.unitn.it\/fr\/portfolio\/glossario\/\"><\/a><div class=\"column-bg-overlay-wrap column-bg-layer\" data-bg-animation=\"none\"><div class=\"column-bg-overlay\"><\/div><\/div>\n\t\t<div class=\"wpb_wrapper\">\n\t\t\t<div class=\"nectar_icon_wrap\" data-style=\"default\" data-padding=\"0px\" data-color=\"extra-color-1\" style=\"margin-right: 25px; \" >\n\t\t<div class=\"nectar_icon\" ><span class=\"im-icon-wrap\" data-color=\"extra-color-1\" style=\"height: 80px; width: 80px;\"><span><svg role=\"presentation\" version=\"1.1\" xmlns=\"http:\/\/www.w3.org\/2000\/svg\" width=\"80\" height=\"80\" viewbox=\"0 0 32 32\">\n        <path d=\"M29.333 32h-16.871c-2.069 0-5.129-1.691-5.129-5.317v-17.349c0-0.068 0.011-0.135 0.029-0.196-0.021-0.152-0.029-0.308-0.029-0.471 0-2.025 1.571-3.333 4-3.333h13.333c0.367 0 0.667 0.299 0.667 0.667s-0.3 0.667-0.667 0.667h-13.333c-0.803 0-2.667 0.195-2.667 2s1.863 2 2.667 2h18c0.367 0 0.667 0.299 0.667 0.667v20c0 0.367-0.3 0.667-0.667 0.667zM8.667 11.277v15.405c0 2.719 2.265 3.984 3.796 3.984h16.204v-18.667h-17.333c-1.081 0-1.991-0.257-2.667-0.723zM27.333 9.333h-14.667c-0.368 0-0.667-0.299-0.667-0.667s0.299-0.667 0.667-0.667h14.667c0.367 0 0.667 0.299 0.667 0.667s-0.3 0.667-0.667 0.667zM7.791 27.807c-0.057 0-0.116-0.008-0.175-0.024-1.764-0.476-2.949-1.98-2.949-3.741v-17.375c0-2.205 1.795-4 4-4h13.333c0.367 0 0.667 0.299 0.667 0.667s-0.3 0.667-0.667 0.667h-13.333c-1.471 0-2.667 1.195-2.667 2.667v17.375c0 1.151 0.789 2.139 1.965 2.456 0.356 0.096 0.565 0.461 0.471 0.816-0.081 0.297-0.352 0.493-0.645 0.493zM5.387 25.2c-0.041 0-0.084-0.003-0.125-0.012-1.92-0.364-3.26-1.936-3.26-3.813v-17.375c0-2.205 1.795-4 4-4h14.667c0.367 0 0.665 0.299 0.665 0.667s-0.299 0.667-0.667 0.667h-14.667c-1.471 0-2.667 1.195-2.667 2.667v17.376c0 1.229 0.895 2.259 2.177 2.504 0.361 0.069 0.599 0.417 0.529 0.78-0.063 0.32-0.341 0.54-0.653 0.54z\"><\/path>\n        <\/svg><\/span><\/span><\/div>\n\t<\/div>\n<div class=\"wpb_text_column wpb_content_element\" >\n\t<div class=\"wpb_wrapper\">\n\t\t<h3>04.<\/h3>\n<h6><strong>GLOSSAIRE<\/strong><\/h6>\n<hr \/>\n<p>Recueil de termes essentiels pour comprendre certains contenus li\u00e9s \u00e0 la conception de services et \u00e0 la conception en g\u00e9n\u00e9ral<\/p>\n\t<\/div>\n<\/div>\n\n\n\n\n\t\t<\/div> \n\t<\/div>\n\t<\/div> \n<\/div><\/div>\n\t\t\t<\/div> \n\t\t<\/div>\n\t<\/div> \n<\/div><\/div>\n\t\t<div id=\"fws_69dd0ff3db7ea\"  data-br=\"custom\" data-br-applies=\"bg\" data-column-margin=\"default\" data-midnight=\"dark\"  class=\"wpb_row vc_row-fluid vc_row  tl_br_25px tr_br_25px top_margin_5pct bottom_margin_0px\"  style=\"padding-top: 0px; padding-bottom: 0px; \"><div class=\"row-bg-wrap\" data-bg-animation=\"none\" data-bg-animation-delay=\"\" data-bg-overlay=\"false\"><div class=\"inner-wrap row-bg-layer\" ><div class=\"row-bg viewport-desktop\"  style=\"\"><\/div><\/div><\/div><div class=\"row_col_wrap_12 col span_12 dark left\">\n\t<div style=\"\" class=\"vc_col-sm-12 wpb_column column_container vc_column_container col centered-text padding-10-percent column_element_direction_desktop_horizontal force-desktop-text-align-center column_element_direction_tablet_horizontal force-tablet-text-align-center column_element_direction_phone_horizontal force-phone-text-align-center inherit_tablet inherit_phone bg_img_front tl_br_25px tr_br_25px\" data-using-bg=\"true\" data-padding-pos=\"all\" data-has-bg-color=\"true\" data-bg-color=\"#ededed\" data-bg-opacity=\"1\" data-animation=\"\" data-delay=\"0\" >\n\t\t<div class=\"vc_column-inner\" ><div class=\"column-image-bg-wrap column-bg-layer viewport-desktop\" data-bg-pos=\"center center\" data-bg-animation=\"none\" data-bg-overlay=\"false\"><div class=\"inner-wrap\"><div class=\"column-image-bg\" style=\" background-image: url('https:\/\/drlab.unitn.it\/wp-content\/uploads\/2024\/02\/pointer.webp'); \"><\/div><\/div><\/div><div class=\"column-bg-overlay-wrap column-bg-layer\" data-bg-animation=\"none\"><div class=\"column-bg-overlay\" style=\"opacity: 1; background-color: #ededed;\"><\/div><\/div>\n\t\t\t<div class=\"wpb_wrapper\">\n\t\t\t\t\n<div class=\"wpb_text_column wpb_content_element\" >\n\t<div class=\"wpb_wrapper\">\n\t\t<p><strong>Page suivante :<\/strong><\/p>\n\t<\/div>\n<\/div>\n\n\n\n<div class=\"nectar-cta  hover_color_333333 text_hover_color_e0e0e0 alignment_tablet_default alignment_phone_default display_tablet_inherit display_phone_inherit\" data-color=\"black\" data-using-bg=\"true\" data-style=\"see-through\" data-display=\"block\" data-alignment=\"left\" data-text-color=\"custom\" style=\"margin-left: 10px;\"><p style=\"color: #ffffff;\"> <span class=\"text\"> <\/span><span class=\"link_wrap\" style=\"padding-top: 15px; padding-right: 20px; padding-bottom: 15px; padding-left: 20px;\"><a  class=\"link_text\" role=\"button\" href=\"https:\/\/drlab.unitn.it\/fr\/persone\/\">Les personnes<span class=\"arrow\"><\/span><\/a><\/span><\/p><\/div>\n\t\t\t<\/div> \n\t\t<\/div>\n\t<\/div> \n<\/div><\/div>","protected":false},"excerpt":{"rendered":"Portfolio Portfolio Portfolio Portfolio Portfolio PORTFOLIO 01. FRAMEWORK TRANSFER THROUGH DESIGN Durante i primi anni di attivit\u00e0, il DRLab ha progettato e applicato formati, processi e strumenti attraverso attivit\u00e0 sperimentali...","protected":false},"author":1,"featured_media":0,"parent":0,"menu_order":0,"comment_status":"closed","ping_status":"closed","template":"","meta":{"footnotes":""},"class_list":["post-337","page","type-page","status-publish"],"_links":{"self":[{"href":"https:\/\/drlab.unitn.it\/fr\/wp-json\/wp\/v2\/pages\/337","targetHints":{"allow":["GET"]}}],"collection":[{"href":"https:\/\/drlab.unitn.it\/fr\/wp-json\/wp\/v2\/pages"}],"about":[{"href":"https:\/\/drlab.unitn.it\/fr\/wp-json\/wp\/v2\/types\/page"}],"author":[{"embeddable":true,"href":"https:\/\/drlab.unitn.it\/fr\/wp-json\/wp\/v2\/users\/1"}],"replies":[{"embeddable":true,"href":"https:\/\/drlab.unitn.it\/fr\/wp-json\/wp\/v2\/comments?post=337"}],"version-history":[{"count":64,"href":"https:\/\/drlab.unitn.it\/fr\/wp-json\/wp\/v2\/pages\/337\/revisions"}],"predecessor-version":[{"id":60518,"href":"https:\/\/drlab.unitn.it\/fr\/wp-json\/wp\/v2\/pages\/337\/revisions\/60518"}],"wp:attachment":[{"href":"https:\/\/drlab.unitn.it\/fr\/wp-json\/wp\/v2\/media?parent=337"}],"curies":[{"name":"wp","href":"https:\/\/api.w.org\/{rel}","templated":true}]}}