{"id":60080,"date":"2024-05-17T12:52:17","date_gmt":"2024-05-17T12:52:17","guid":{"rendered":"https:\/\/drlab.unitn.it\/?page_id=60080"},"modified":"2024-05-23T13:14:00","modified_gmt":"2024-05-23T13:14:00","slug":"design-activism","status":"publish","type":"page","link":"https:\/\/drlab.unitn.it\/de\/risorse\/pubblicazioni\/design-activism\/","title":{"rendered":"Desing &amp; Activism, Bieling Tom"},"content":{"rendered":"<div id=\"fws_69d76529e088f\"  data-column-margin=\"default\" data-midnight=\"light\"  class=\"wpb_row vc_row-fluid vc_row full-width-section\"  style=\"padding-top: 0px; padding-bottom: 0px; \"><div class=\"row-bg-wrap\" data-bg-animation=\"none\" data-bg-animation-delay=\"\" data-bg-overlay=\"true\"><div class=\"inner-wrap row-bg-layer using-image\" ><div class=\"row-bg viewport-desktop using-image no-cover\"  style=\"background-image: url(https:\/\/drlab.unitn.it\/wp-content\/uploads\/2024\/02\/pointer.webp); background-position: left top; background-repeat: repeat; \"><\/div><\/div><div class=\"row-bg-overlay row-bg-layer\" style=\"background: linear-gradient(to bottom,rgba(255,255,255,0.001) 25%,#ffffff 100%);  opacity: 1; \"><\/div><\/div><div class=\"row_col_wrap_12 col span_12 light left\">\n\t<div style=\"\" class=\"vc_col-sm-12 wpb_column column_container vc_column_container col bg_img_front bl_br_25px br_br_25px left_padding_desktop_25px left_padding_tablet_0px left_padding_phone_0px right_padding_desktop_25px right_padding_tablet_0px right_padding_phone_0px\" data-using-bg=\"true\" data-overlay-color=\"true\" data-padding-pos=\"all\" data-has-bg-color=\"true\" data-bg-color=\"#dc1941\" data-bg-opacity=\"1\" data-animation=\"\" data-delay=\"0\" >\n\t\t<div class=\"vc_column-inner\" ><div class=\"column-image-bg-wrap column-bg-layer viewport-desktop\" data-bg-pos=\"center center\" data-bg-animation=\"none\" data-bg-overlay=\"true\"><div class=\"inner-wrap\"><div class=\"column-image-bg\" style=\" background-image: url('https:\/\/drlab.unitn.it\/wp-content\/uploads\/2024\/02\/pointer.webp'); \"><\/div><\/div><\/div><div class=\"column-bg-overlay-wrap column-bg-layer\" data-bg-animation=\"none\"><div class=\"column-bg-overlay\" style=\"opacity: 1; background-color: #dc1941;\"><\/div><div class=\"column-overlay-layer\" style=\"background-color:transparent;  opacity: 0.5; \"><\/div><\/div>\n\t\t\t<div class=\"wpb_wrapper\">\n\t\t\t\t<div class=\"divider-wrap height_tablet_100px height_phone_80px\" data-alignment=\"default\"><div style=\"height: 160px;\" class=\"divider\"><\/div><\/div><div id=\"fws_69d76529e1b16\" data-midnight=\"\" data-column-margin=\"default\" class=\"wpb_row vc_row-fluid vc_row inner_row  row_position_absolute bottom_position_desktop_-20px left_position_desktop_0px translate_x_-50pct bottom_position_tablet_-20px bottom_position_phone_-20px\"  style=\"\"><div class=\"row-bg-wrap\"> <div class=\"row-bg\" ><\/div> <\/div><div class=\"row_col_wrap_12_inner col span_12  left\">\n\t<div  class=\"vc_col-sm-12 wpb_column column_container vc_column_container col child_column no-extra-padding inherit_tablet inherit_phone\"   data-padding-pos=\"all\" data-has-bg-color=\"false\" data-bg-color=\"\" data-bg-opacity=\"1\" data-animation=\"\" data-delay=\"0\" data-scroll-animation=\"true\" data-scroll-animation-movement=\"transform_x\" data-scroll-animation-mobile=\"true\" data-scroll-animation-intensity=\"-2.5\" >\n\t\t<div class=\"vc_column-inner\" >\n\t\t<div class=\"wpb_wrapper\">\n\t\t\t<div class=\"nectar-scrolling-text font_size_150px font_size_mobile_130px custom_color\" data-style=\"default\" data-s-dir=\"rtl\" data-spacing=\"true\" data-outline-thickness=\"thin\" data-s-speed=\"slower\" data-overflow=\"visible\" ><div class=\"nectar-scrolling-text-inner\" data-persist-animation data-nectar-animate-settings=\"{&quot;animations&quot;:{&quot;desktop&quot;:{&quot;translateX&quot;:{&quot;start&quot;:&quot;0&quot;,&quot;end&quot;:&quot;25%&quot;},&quot;translateY&quot;:{&quot;start&quot;:&quot;0&quot;,&quot;end&quot;:&quot;0&quot;},&quot;scale&quot;:{&quot;start&quot;:&quot;1&quot;,&quot;end&quot;:&quot;1&quot;},&quot;opacity&quot;:{&quot;start&quot;:&quot;1&quot;,&quot;end&quot;:&quot;1&quot;},&quot;rotate&quot;:{&quot;start&quot;:&quot;0&quot;,&quot;end&quot;:&quot;0&quot;}},&quot;tablet&quot;:{&quot;translateX&quot;:{&quot;start&quot;:&quot;0&quot;,&quot;end&quot;:&quot;25%&quot;},&quot;translateY&quot;:{&quot;start&quot;:&quot;0&quot;,&quot;end&quot;:&quot;0&quot;},&quot;scale&quot;:{&quot;start&quot;:&quot;1&quot;,&quot;end&quot;:&quot;1&quot;},&quot;opacity&quot;:{&quot;start&quot;:&quot;1&quot;,&quot;end&quot;:&quot;1&quot;},&quot;rotate&quot;:{&quot;start&quot;:&quot;0&quot;,&quot;end&quot;:&quot;0&quot;}},&quot;phone&quot;:{&quot;translateX&quot;:{&quot;start&quot;:&quot;0&quot;,&quot;end&quot;:&quot;25%&quot;},&quot;translateY&quot;:{&quot;start&quot;:&quot;0&quot;,&quot;end&quot;:&quot;0&quot;},&quot;scale&quot;:{&quot;start&quot;:&quot;1&quot;,&quot;end&quot;:&quot;1&quot;},&quot;opacity&quot;:{&quot;start&quot;:&quot;1&quot;,&quot;end&quot;:&quot;1&quot;},&quot;rotate&quot;:{&quot;start&quot;:&quot;0&quot;,&quot;end&quot;:&quot;0&quot;}}},&quot;offsets&quot;:{&quot;start&quot;:&quot;0&quot;,&quot;end&quot;:&quot;100&quot;},&quot;config&quot;:[]}\" data-advanced-animation=\"true\" style=\"color: rgba(255,255,255,0.18);\"><div class=\"nectar-scrolling-text-inner__text-chunk\">\n<h1>B\u00fccher<\/h1>\n<\/div><div class=\"nectar-scrolling-text-inner__text-chunk\">\n<h1>B\u00fccher<\/h1>\n<\/div><div class=\"nectar-scrolling-text-inner__text-chunk\">\n<h1>B\u00fccher<\/h1>\n<\/div><div class=\"nectar-scrolling-text-inner__text-chunk\">\n<h1>B\u00fccher<\/h1>\n<\/div><div class=\"nectar-scrolling-text-inner__text-chunk\">\n<h1>B\u00fccher<\/h1>\n<\/div><div class=\"nectar-scrolling-text-inner__text-chunk\">\n<h1>B\u00fccher<\/h1>\n<\/div><div class=\"nectar-scrolling-text-inner__text-chunk\">\n<h1>B\u00fccher<\/h1>\n<\/div><\/div><\/div>\n\t\t<\/div> \n\t<\/div>\n\t<\/div> \n<\/div><\/div><div id=\"fws_69d76529e2d7a\" data-midnight=\"\" data-column-margin=\"default\" class=\"wpb_row vc_row-fluid vc_row inner_row vc_row-o-equal-height vc_row-flex vc_row-o-content-bottom\"  style=\"\"><div class=\"row-bg-wrap\"> <div class=\"row-bg\" ><\/div> <\/div><div class=\"row_col_wrap_12_inner col span_12  left\">\n\t<div  class=\"vc_col-sm-12 wpb_column column_container vc_column_container col child_column no-extra-padding column_element_direction_desktop_horizontal column_element_direction_tablet_horizontal column_element_direction_phone_horizontal left_margin_15px left_margin_tablet_0px left_margin_phone_0px inherit_tablet inherit_phone\"   data-padding-pos=\"all\" data-has-bg-color=\"false\" data-bg-color=\"\" data-bg-opacity=\"1\" data-animation=\"\" data-delay=\"0\" >\n\t\t<div class=\"vc_column-inner\" >\n\t\t<div class=\"wpb_wrapper\">\n\t\t\t<div class=\"nectar_icon_wrap\" data-style=\"default\" data-padding=\"20px\" data-color=\"white\" style=\"\" >\n\t\t<div class=\"nectar_icon\" ><i style=\"font-size: 30px; line-height: 30px; height: 30px; width: 30px;\" class=\"icon-arrows-slim-right\"><\/i><\/div>\n\t<\/div><a href=\"https:\/\/drlab.unitn.it\/de\/risorse\/\" target=\"_self\"><div class=\"nectar-split-heading\" data-align=\"default\" data-m-align=\"inherit\" data-text-effect=\"letter-reveal-bottom\" data-animation-type=\"line-reveal-by-space\" data-animation-delay=\"500\" data-animation-offset=\"\" data-m-rm-animation=\"\" data-stagger=\"true\" data-custom-font-size=\"false\" ><h4 style=\" color: #ffffff;\">Ressourcen<\/h4><\/div><\/a><div class=\"nectar_icon_wrap\" data-style=\"default\" data-padding=\"20px\" data-color=\"white\" style=\"\" >\n\t\t<div class=\"nectar_icon\" ><i style=\"font-size: 30px; line-height: 30px; height: 30px; width: 30px;\" class=\"icon-arrows-slim-right\"><\/i><\/div>\n\t<\/div><a href=\"https:\/\/drlab.unitn.it\/de\/risorse\/pubblicazioni\/#libri\" target=\"_self\"><div class=\"nectar-split-heading\" data-align=\"default\" data-m-align=\"inherit\" data-text-effect=\"letter-reveal-bottom\" data-animation-type=\"line-reveal-by-space\" data-animation-delay=\"500\" data-animation-offset=\"\" data-m-rm-animation=\"\" data-stagger=\"true\" data-custom-font-size=\"false\" ><h4 style=\" color: #ffffff;\">Ver\u00f6ffentlichungen<\/h4><\/div><\/a><div class=\"nectar_icon_wrap\" data-style=\"default\" data-padding=\"20px\" data-color=\"white\" style=\"\" >\n\t\t<div class=\"nectar_icon\" ><i style=\"font-size: 30px; line-height: 30px; height: 30px; width: 30px;\" class=\"icon-arrows-slim-right\"><\/i><\/div>\n\t<\/div><a href=\"https:\/\/drlab.unitn.it\/de\/risorse\/pubblicazioni\/#libri\" target=\"_self\"><div class=\"nectar-split-heading\" data-align=\"default\" data-m-align=\"inherit\" data-text-effect=\"letter-reveal-bottom\" data-animation-type=\"line-reveal-by-space\" data-animation-delay=\"500\" data-animation-offset=\"\" data-m-rm-animation=\"\" data-stagger=\"true\" data-custom-font-size=\"false\" ><h4 style=\" color: #ffffff;\">B\u00dcCHER<\/h4><\/div><\/a>\n\t\t<\/div> \n\t<\/div>\n\t<\/div> \n<\/div><\/div><div class=\"divider-wrap\" data-alignment=\"default\"><div style=\"height: 20px;\" class=\"divider\"><\/div><\/div>\n\t\t\t<\/div> \n\t\t<\/div>\n\t<\/div> \n<\/div><\/div>\n\t\t<div id=\"fws_69d76529e50b6\"  data-column-margin=\"default\" data-midnight=\"dark\" data-top-percent=\"8%\" data-bottom-percent=\"8%\"  class=\"wpb_row vc_row-fluid vc_row full-width-section\"  style=\"padding-top: calc(100vw * 0.08); padding-bottom: calc(100vw * 0.08); \"><div class=\"row-bg-wrap\" data-bg-animation=\"none\" data-bg-animation-delay=\"\" data-bg-overlay=\"false\"><div class=\"inner-wrap row-bg-layer\" ><div class=\"row-bg viewport-desktop\"  style=\"\"><\/div><\/div><\/div><div class=\"row_col_wrap_12 col span_12 dark left\">\n\t<div  class=\"vc_col-sm-4 wpb_column column_container vc_column_container col nectar-sticky-column padding-5-percent inherit_tablet inherit_phone\"  data-padding-pos=\"right\" data-has-bg-color=\"false\" data-bg-color=\"\" data-bg-opacity=\"1\" data-animation=\"\" data-delay=\"0\" >\n\t\t<div class=\"vc_column-inner\" >\n\t\t\t<div class=\"wpb_wrapper\">\n\t\t\t\t<div id=\"fws_69d76529e59ed\" data-midnight=\"\" data-column-margin=\"default\" class=\"wpb_row vc_row-fluid vc_row inner_row\"  style=\"\"><div class=\"row-bg-wrap\"> <div class=\"row-bg\" ><\/div> <\/div><div class=\"row_col_wrap_12_inner col span_12  left\">\n\t<div style=\"\" class=\"vc_col-sm-12 wpb_column column_container vc_column_container col child_column centered-text padding-5-percent force-desktop-text-align-center force-tablet-text-align-center force-phone-text-align-center inherit_tablet inherit_phone bg_img_front\"  data-using-bg=\"true\" data-border-radius=\"20px\" data-padding-pos=\"all\" data-has-bg-color=\"true\" data-bg-color=\"#ededed\" data-bg-opacity=\"1\" data-animation=\"\" data-delay=\"0\" >\n\t\t<div class=\"vc_column-inner\" ><div class=\"column-image-bg-wrap column-bg-layer viewport-desktop\" data-bg-pos=\"center center\" data-bg-animation=\"none\" data-bg-overlay=\"false\"><div class=\"inner-wrap\"><div class=\"column-image-bg\" style=\" background-image: url('https:\/\/drlab.unitn.it\/wp-content\/uploads\/2024\/02\/pointer.webp'); \"><\/div><\/div><\/div><div class=\"column-bg-overlay-wrap column-bg-layer\" data-bg-animation=\"none\"><div class=\"column-bg-overlay\" style=\"opacity: 1; background-color: #ededed;\"><\/div><\/div>\n\t\t<div class=\"wpb_wrapper\">\n\t\t\t<div class=\"nectar_icon_wrap\" data-style=\"default\" data-padding=\"0px\" data-color=\"extra-color-1\" style=\"\" >\n\t\t<div class=\"nectar_icon\" ><a href=\"#pubblicazioni\" ><\/a><i style=\"font-size: 150px; line-height: 150px; height: 150px; width: 150px;\" class=\"steadysets-icon-book\"><\/i><\/div>\n\t<\/div>\n\t\t<\/div> \n\t<\/div>\n\t<\/div> \n<\/div><\/div><div class=\"divider-wrap\" data-alignment=\"default\"><div style=\"height: 4vh;\" class=\"divider\"><\/div><\/div><div class=\"nectar-cta  hover_color_dc1941 text_hover_color_ffffff alignment_tablet_default alignment_phone_default display_tablet_inherit display_phone_inherit has-icon\" data-color=\"extra-color-2\" data-using-bg=\"true\" data-style=\"basic\" data-display=\"block\" data-alignment=\"center\" data-text-color=\"custom\" ><h5 style=\"color: #000000;\"><span class=\"link_wrap\" style=\"padding-top: 15px; padding-bottom: 15px; \"><i class=\"fa fa-arrow-left\"><\/i><a  class=\"link_text\" role=\"button\" href=\"https:\/\/drlab.unitn.it\/de\/pubblicazioni\/\"><span class=\"text\">ZUR\u00dcCK ZU VER\u00d6FFENTLICHUNGEN<\/span><\/a><\/span><\/h5><\/div><div class=\"divider-wrap\" data-alignment=\"default\"><div style=\"height: 4vh;\" class=\"divider\"><\/div><\/div><div class=\"img-with-aniamtion-wrap center\" data-max-width=\"100%\" data-max-width-mobile=\"default\" data-shadow=\"none\" data-animation=\"none\" >\n      <div class=\"inner\">\n        <div class=\"hover-wrap\"> \n          <div class=\"hover-wrap-inner\">\n            <img loading=\"lazy\" decoding=\"async\" class=\"img-with-animation skip-lazy\" data-delay=\"0\" height=\"2560\" width=\"1698\" data-animation=\"none\" src=\"https:\/\/drlab.unitn.it\/wp-content\/uploads\/2024\/05\/Immagine-WhatsApp-2024-05-20-ore-17.13.12_0505d0ce-scaled.jpg\" alt=\"\" srcset=\"https:\/\/drlab.unitn.it\/wp-content\/uploads\/2024\/05\/Immagine-WhatsApp-2024-05-20-ore-17.13.12_0505d0ce-scaled.jpg 1698w, https:\/\/drlab.unitn.it\/wp-content\/uploads\/2024\/05\/Immagine-WhatsApp-2024-05-20-ore-17.13.12_0505d0ce-199x300.jpg 199w, https:\/\/drlab.unitn.it\/wp-content\/uploads\/2024\/05\/Immagine-WhatsApp-2024-05-20-ore-17.13.12_0505d0ce-679x1024.jpg 679w, https:\/\/drlab.unitn.it\/wp-content\/uploads\/2024\/05\/Immagine-WhatsApp-2024-05-20-ore-17.13.12_0505d0ce-768x1158.jpg 768w, https:\/\/drlab.unitn.it\/wp-content\/uploads\/2024\/05\/Immagine-WhatsApp-2024-05-20-ore-17.13.12_0505d0ce-1019x1536.jpg 1019w, https:\/\/drlab.unitn.it\/wp-content\/uploads\/2024\/05\/Immagine-WhatsApp-2024-05-20-ore-17.13.12_0505d0ce-1359x2048.jpg 1359w\" sizes=\"auto, (max-width: 1698px) 100vw, 1698px\" \/>\n          <\/div>\n        <\/div>\n      <\/div>\n    <\/div>\n\t\t\t<\/div> \n\t\t<\/div>\n\t<\/div> \n\n\t<div  class=\"vc_col-sm-8 wpb_column column_container vc_column_container col no-extra-padding inherit_tablet inherit_phone\"  data-padding-pos=\"all\" data-has-bg-color=\"false\" data-bg-color=\"\" data-bg-opacity=\"1\" data-animation=\"\" data-delay=\"0\" >\n\t\t<div class=\"vc_column-inner\" >\n\t\t\t<div class=\"wpb_wrapper\">\n\t\t\t\t\n<div class=\"wpb_text_column wpb_content_element\" >\n\t<div class=\"wpb_wrapper\">\n\t\t<h2 class=\"page-title\">Design (&amp;) Aktivismus. Perspektiven auf Design als Aktivismus und Aktivismus als Design<\/h2>\n<h3>Bieling, Tom (Hrsg.) (2019)<\/h3>\n\t<\/div>\n<\/div>\n\n\n\n<div class=\"divider-wrap\" data-alignment=\"default\"><div style=\"margin-top: 12.5px; height: 5px; margin-bottom: 12.5px;\" data-width=\"100%\" data-animate=\"\" data-animation-delay=\"\" data-color=\"default\" class=\"divider-border\"><\/div><\/div>\n<div class=\"wpb_text_column wpb_content_element\" >\n\t<div class=\"wpb_wrapper\">\n\t\t<article id=\"post-1834\" class=\"post-1834 post type-post status-publish format-standard has-post-thumbnail hentry category-design-meanings\">\n<div class=\"entry-container\">\n<div class=\"entry-content\">\n<p>In diesem Buch geht es darum, wie sich die Welten von Design und Aktivismus gegenseitig inspirieren (k\u00f6nnten). Da Design und seine konzeptionellen, funktionalen, \u00e4sthetischen, spekulativen und interventionellen Konzepte unweigerlich unser Leben beeinflussen, mischt es sich oft aktiv in g\u00e4ngige Definitionen, Verst\u00e4ndnisse und Meinungsbildung ein, was M\u00f6glichkeiten f\u00fcr ideologisches Engagement (im guten oder im schlechten Sinne) bietet. Das Buch konzentriert sich auf Theorien und Praktiken im Zusammenhang mit der Rolle des Designs, wenn es darum geht, den politischen Diskurs anzusprechen, zu provozieren und zu gestalten. Ausgehend von traditionellen Formen des Protests, visuellen Sprachen des Widerstands bis hin zu neuen Formen der digitalen Partizipation wird uns dies helfen, die Rituale, Strukturen und Bedeutungen des Designaktivismus in Geschichte und Gegenwart besser zu verstehen und zu verdeutlichen, dass Design inh\u00e4rent sozial und h\u00f6chst politisch ist. Und es soll uns helfen, Argumente und Beispiele f\u00fcr das transformative Potenzial von zuk\u00fcnftigem Design(-aktivismus) abzuleiten.<\/p>\n<p>Tom Bieling, Senior Research Fellow bei der\u00a0<em>Design Research Lab der Universit\u00e4t der K\u00fcnste Berlin<\/em>und Postdoc an der\u00a0<em>Zentrum f\u00fcr Designforschung<\/em>\u00a0(<em>HAW Hamburg<\/em>), lehrt Transformation Design an der NDU St. P\u00f6lten und war Gastprofessor an der\u00a0<em>Universit\u00e4t Trient<\/em>\u00a0und die\u00a0<em>Deutsche Universit\u00e4t in Kairo<\/em>. In seiner Forschung konzentriert er sich haupts\u00e4chlich auf die sozialen und politischen Dimensionen des Designs, insbesondere auf Aspekte des Designs f\u00fcr soziale Innovation und Integration. www.tombieling.com<\/p>\n<\/div>\n<\/div>\n<\/article>\n\t<\/div>\n<\/div>\n\n\n\n<div class=\"divider-wrap\" data-alignment=\"default\"><div style=\"margin-top: 12.5px; height: 5px; margin-bottom: 12.5px;\" data-width=\"100%\" data-animate=\"\" data-animation-delay=\"\" data-color=\"default\" class=\"divider-border\"><\/div><\/div><div id=\"fws_69d76529e8eb6\" data-midnight=\"\" data-column-margin=\"default\" class=\"wpb_row vc_row-fluid vc_row inner_row\"  style=\"\"><div class=\"row-bg-wrap\"> <div class=\"row-bg\" ><\/div> <\/div><div class=\"row_col_wrap_12_inner col span_12  left\">\n\t<div  class=\"vc_col-sm-6 wpb_column column_container vc_column_container col child_column no-extra-padding inherit_tablet inherit_phone\"   data-padding-pos=\"all\" data-has-bg-color=\"false\" data-bg-color=\"\" data-bg-opacity=\"1\" data-animation=\"\" data-delay=\"0\" >\n\t\t<div class=\"vc_column-inner\" >\n\t\t<div class=\"wpb_wrapper\">\n\t\t\t\n<div class=\"wpb_text_column wpb_content_element\" >\n\t<div class=\"wpb_wrapper\">\n\t\t<article id=\"post-1834\" class=\"post-1834 post type-post status-publish format-standard has-post-thumbnail hentry category-design-meanings\">\n<div class=\"entry-container\">\n<div class=\"entry-content\"><\/div>\n<\/div>\n<\/article>\n<div class=\"featured-meta\">\n<p><b>Autor:\u00a0<\/b>Tom Bieling<b><br \/>\n<strong>Herausgeber: <\/strong><\/b>Mimesis International<b><br \/>\n<\/b><b>Umschlag:\u00a0<\/b>Taschenbuch<br \/>\n<b>ISBN:\u00a0<\/b>9788869772412<br \/>\n<b>Seiten:\u00a0<\/b>254<br \/>\n<b>Termine:\u00a0<\/b>2019<\/p>\n<\/div>\n\t<\/div>\n<\/div>\n\n\n\n\n\t\t<\/div> \n\t<\/div>\n\t<\/div> \n\n\t<div  class=\"vc_col-sm-6 wpb_column column_container vc_column_container col child_column no-extra-padding inherit_tablet inherit_phone\"   data-padding-pos=\"all\" data-has-bg-color=\"false\" data-bg-color=\"\" data-bg-opacity=\"1\" data-animation=\"\" data-delay=\"0\" >\n\t\t<div class=\"vc_column-inner\" >\n\t\t<div class=\"wpb_wrapper\">\n\t\t\t<div class=\"divider-wrap\" data-alignment=\"default\"><div style=\"height: 3vh;\" class=\"divider\"><\/div><\/div><div class=\"nectar-cta  hover_color_dc1941 text_hover_color_ffffff alignment_tablet_default alignment_phone_default display_tablet_inherit display_phone_inherit\" data-color=\"accent-color\" data-using-bg=\"true\" data-style=\"see-through\" data-display=\"block\" data-alignment=\"right\" data-text-color=\"custom\" ><p style=\"color: #ffffff;\"> <span class=\"text\"> <\/span><span class=\"link_wrap\" style=\"padding-top: 15px; padding-right: 20px; padding-bottom: 15px; padding-left: 20px;\"><a target=\"_blank\" class=\"link_text\" role=\"button\" href=\"https:\/\/mimesisinternational.com\/design-activism-perspectives-on-design-as-activism-and-activism-as-design\/\">Siehe die Website des Verlags<span class=\"arrow\"><\/span><\/a><\/span><\/p><\/div>\n\t\t<\/div> \n\t<\/div>\n\t<\/div> \n<\/div><\/div>\n\t\t\t<\/div> \n\t\t<\/div>\n\t<\/div> \n<\/div><\/div>\n\t\t<div id=\"fws_69d76529ea95b\"  data-br=\"custom\" data-br-applies=\"bg\" data-column-margin=\"default\" data-midnight=\"dark\"  class=\"wpb_row vc_row-fluid vc_row  tl_br_25px tr_br_25px top_margin_5pct bottom_margin_0px\"  style=\"padding-top: 0px; padding-bottom: 0px; \"><div class=\"row-bg-wrap\" data-bg-animation=\"none\" data-bg-animation-delay=\"\" data-bg-overlay=\"false\"><div class=\"inner-wrap row-bg-layer\" ><div class=\"row-bg viewport-desktop\"  style=\"\"><\/div><\/div><\/div><div class=\"row_col_wrap_12 col span_12 dark left\">\n\t<div style=\"\" class=\"vc_col-sm-12 wpb_column column_container vc_column_container col centered-text padding-10-percent column_element_direction_desktop_horizontal force-desktop-text-align-center column_element_direction_tablet_horizontal force-tablet-text-align-center column_element_direction_phone_horizontal force-phone-text-align-center inherit_tablet inherit_phone bg_img_front tl_br_25px tr_br_25px\" data-using-bg=\"true\" data-padding-pos=\"all\" data-has-bg-color=\"true\" data-bg-color=\"#ededed\" data-bg-opacity=\"1\" data-animation=\"\" data-delay=\"0\" >\n\t\t<div class=\"vc_column-inner\" ><div class=\"column-image-bg-wrap column-bg-layer viewport-desktop\" data-bg-pos=\"center center\" data-bg-animation=\"none\" data-bg-overlay=\"false\"><div class=\"inner-wrap\"><div class=\"column-image-bg\" style=\" background-image: url('https:\/\/drlab.unitn.it\/wp-content\/uploads\/2024\/02\/pointer.webp'); \"><\/div><\/div><\/div><div class=\"column-bg-overlay-wrap column-bg-layer\" data-bg-animation=\"none\"><div class=\"column-bg-overlay\" style=\"opacity: 1; background-color: #ededed;\"><\/div><\/div>\n\t\t\t<div class=\"wpb_wrapper\">\n\t\t\t\t\n<div class=\"wpb_text_column wpb_content_element\" >\n\t<div class=\"wpb_wrapper\">\n\t\t<p><strong>N\u00e4chste Seite:<\/strong><\/p>\n\t<\/div>\n<\/div>\n\n\n\n<div class=\"nectar-cta  hover_color_dc1941 text_hover_color_ffffff alignment_tablet_default alignment_phone_default display_tablet_inherit display_phone_inherit\" data-color=\"black\" data-using-bg=\"true\" data-style=\"see-through\" data-display=\"block\" data-alignment=\"left\" data-text-color=\"custom\" style=\"margin-left: 10px;\"><p style=\"color: #ffffff;\"> <span class=\"text\"> <\/span><span class=\"link_wrap\" style=\"padding-top: 15px; padding-right: 20px; padding-bottom: 15px; padding-left: 20px;\"><a  class=\"link_text\" role=\"button\" href=\"https:\/\/drlab.unitn.it\/de\/risorse\/riferimenti\/\">Referenzen<span class=\"arrow\"><\/span><\/a><\/span><\/p><\/div>\n\t\t\t<\/div> \n\t\t<\/div>\n\t<\/div> \n<\/div><\/div>","protected":false},"excerpt":{"rendered":"Libri Libri Libri Libri Libri Libri Libri risorse Pubblicazioni LIBRI TORNA ALLE PUBBLICAZIONI Design (&amp;) Activism. Perspectives on Design as Activism and Activism as Design Bieling, Tom (Ed.) (2019) This...","protected":false},"author":4,"featured_media":0,"parent":58793,"menu_order":0,"comment_status":"closed","ping_status":"closed","template":"","meta":{"footnotes":""},"class_list":["post-60080","page","type-page","status-publish"],"_links":{"self":[{"href":"https:\/\/drlab.unitn.it\/de\/wp-json\/wp\/v2\/pages\/60080","targetHints":{"allow":["GET"]}}],"collection":[{"href":"https:\/\/drlab.unitn.it\/de\/wp-json\/wp\/v2\/pages"}],"about":[{"href":"https:\/\/drlab.unitn.it\/de\/wp-json\/wp\/v2\/types\/page"}],"author":[{"embeddable":true,"href":"https:\/\/drlab.unitn.it\/de\/wp-json\/wp\/v2\/users\/4"}],"replies":[{"embeddable":true,"href":"https:\/\/drlab.unitn.it\/de\/wp-json\/wp\/v2\/comments?post=60080"}],"version-history":[{"count":17,"href":"https:\/\/drlab.unitn.it\/de\/wp-json\/wp\/v2\/pages\/60080\/revisions"}],"predecessor-version":[{"id":60300,"href":"https:\/\/drlab.unitn.it\/de\/wp-json\/wp\/v2\/pages\/60080\/revisions\/60300"}],"up":[{"embeddable":true,"href":"https:\/\/drlab.unitn.it\/de\/wp-json\/wp\/v2\/pages\/58793"}],"wp:attachment":[{"href":"https:\/\/drlab.unitn.it\/de\/wp-json\/wp\/v2\/media?parent=60080"}],"curies":[{"name":"wp","href":"https:\/\/api.w.org\/{rel}","templated":true}]}}